{"id":11612,"date":"2024-02-27T17:30:38","date_gmt":"2024-02-27T16:30:39","guid":{"rendered":"https:\/\/lwr-shop.de\/?post_type=product&#038;p=11612"},"modified":"2024-02-27T18:02:18","modified_gmt":"2024-02-27T17:02:18","slug":"magirus-65-12-lwr-kopie-kopie-kopie","status":"publish","type":"product","link":"https:\/\/lwr-shop.de\/en\/umbaukits\/magirus-65-12-lwr-kopie-kopie-kopie\/","title":{"rendered":"Iveco \/ Magirus 90-16 (LWR)"},"content":{"rendered":"<p>The Club of Four was an alliance of four European truck manufacturers: Saviem, Volvo, DAF, and Magirus-Deutz. <\/p>\n<p>Officially called the Soci\u00e9t\u00e9 Europ\u00e9enne de Travaux et de D\u00e9veloppement (ETD), the team was based in Paris. Founded to develop a shared range of light trucks, its main success was a shared cab design. Cabs can be one of the most expensive parts of a truck to design and build; the alliance allowed one cab design to be shared among four different truck manufacturers, allowing economies of scale. In 1978, Saviem was merged with Berliet to create Renault V\u00e9hicules Industriels (RVI), but the new company continued as a member of the Club. Magirus-Deutz became part of Iveco. <\/p>\n<p>The cab was used on a wide range of different trucks. It was even used on Mack trucks in the USA. It remained in production for almost a quarter of a century. Although initially intended for medium trucks it was also used on light trucks, even the 6-tonne Magirus 90M6FK.\n<\/p>\n<hr \/>\n","protected":false},"excerpt":{"rendered":"<p>The Club of Four was an alliance of four European truck manufacturers: Saviem, Volvo, DAF, and Magirus-Deutz. Officially called the Soci\u00e9t\u00e9 Europ\u00e9enne de Travaux et de D\u00e9veloppement (ETD), the team was based in Paris. Founded to develop a shared range of light trucks, its main success was a shared cab design. Cabs can be one [&hellip;]<\/p>\n","protected":false},"featured_media":11614,"template":"","meta":[],"product_brand":[],"product_cat":[83,59],"product_tag":[],"class_list":{"0":"post-11612","1":"product","2":"type-product","3":"status-publish","4":"has-post-thumbnail","6":"product_cat-vehicles-with-24-volt-electrical-system-en","7":"product_cat-iveco-magirus-deutz-en","9":"first","10":"instock","11":"taxable","12":"shipping-taxable","13":"product-type-grouped"},"aioseo_notices":[],"_links":{"self":[{"href":"https:\/\/lwr-shop.de\/en\/wp-json\/wp\/v2\/product\/11612","targetHints":{"allow":["GET"]}}],"collection":[{"href":"https:\/\/lwr-shop.de\/en\/wp-json\/wp\/v2\/product"}],"about":[{"href":"https:\/\/lwr-shop.de\/en\/wp-json\/wp\/v2\/types\/product"}],"wp:featuredmedia":[{"embeddable":true,"href":"https:\/\/lwr-shop.de\/en\/wp-json\/wp\/v2\/media\/11614"}],"wp:attachment":[{"href":"https:\/\/lwr-shop.de\/en\/wp-json\/wp\/v2\/media?parent=11612"}],"wp:term":[{"taxonomy":"product_brand","embeddable":true,"href":"https:\/\/lwr-shop.de\/en\/wp-json\/wp\/v2\/product_brand?post=11612"},{"taxonomy":"product_cat","embeddable":true,"href":"https:\/\/lwr-shop.de\/en\/wp-json\/wp\/v2\/product_cat?post=11612"},{"taxonomy":"product_tag","embeddable":true,"href":"https:\/\/lwr-shop.de\/en\/wp-json\/wp\/v2\/product_tag?post=11612"}],"curies":[{"name":"wp","href":"https:\/\/api.w.org\/{rel}","templated":true}]}}