{"id":11664,"date":"2024-02-27T19:34:48","date_gmt":"2024-02-27T18:34:48","guid":{"rendered":"https:\/\/lwr-shop.de\/?post_type=product&#038;p=11664"},"modified":"2024-02-27T19:47:12","modified_gmt":"2024-02-27T18:47:12","slug":"scania-93h-lwr-new-conversion-kit-c-hel-24n-rsmlstd-for-24-volt-vehicles","status":"publish","type":"product","link":"https:\/\/lwr-shop.de\/en\/umbaukits\/scania-93h-lwr-new-conversion-kit-c-hel-24n-rsmlstd-for-24-volt-vehicles\/","title":{"rendered":"Scania 93H (LWR) new conversion kit C.HEL.24N.RSMLSTD for <strong>24 volt<\/strong> vehicles"},"content":{"rendered":"<div class=\"group-info-display-none\">\n<p>The name Scania is the Latin name for the historic Swedish province of Scania.<\/p>\n<p>In 1911, the Scania company from Malm\u00f6, Scania (Latin Scania) merged with<br \/>\nthe company Vabis from S\u00f6dert\u00e4lje, which was in financial distress.<br \/>\nIn 1919, production was switched predominantly to trucks. But since the demand for trucks at that time<br \/>\nafter the First World War was low and there was strong deflation, Scania was insolvent in 1921.<br \/>\nIn the same year the company was re-established while retaining the name.<br \/>\nThe last Passenger cars were produced in 1929.<\/p>\n<p>The first front-drive buses appeared in 1932 and front-drive trucks in 1933.<br \/>\nThe first diesel engines were built in series from 1936. To create a profitable dealer and workshop network<br \/>\nIn order to be able to build its trucks and buses, Scania-Vabis also became the general importer for VW in Sweden from 1948.<br \/>\nIn 1962 Scania opened its first foreign factory in Brazil, and in 1965 another in the Netherlands.<br \/>\nAlthough there was no dealer network in Germany yet, word got around about the quality of the products.<br \/>\nThe first Scania trucks appeared at northern German shipping companies. Since 1963, front-control vehicles have been available again in the truck range.<\/p>\n<p>Since 1968, commercial vehicles have been sold under the name Scania without the suffix Vabis.<br \/>\nIn the same year the first sales branch was founded in Germany.<\/p>\n<p>Scania AB is a manufacturer of commercial vehicles, buses and marine and industrial engines<br \/>\nBased in S\u00f6dert\u00e4lje, Sweden. Scania is one of the largest heavy truck manufacturers in Europe<br \/>\nand South America and employed around 42,000 people worldwide in 2014.<\/p>\n<p>Scania has been part of the Volkswagen Group since January 2015 and part of the VW commercial vehicle subsidiary Traton since its founding.<\/p>\n<hr \/>\n<p><strong>Notes on the appropriate conversion kit for the LWR:<br \/>\n<\/strong><\/p>\n<p><a href=\"https:\/\/lwr-shop.de\/wp-content\/uploads\/2024\/02\/rwwd0io-scaled.jpg\"><img loading=\"lazy\" decoding=\"async\" class=\"size-medium wp-image-11658\" src=\"https:\/\/lwr-shop.de\/wp-content\/uploads\/2024\/02\/rwwd0io-scaled.jpg\" alt=\"Scania 93H - LWR\" width=\"300\" height=\"225\" srcset=\"https:\/\/lwr-shop.de\/wp-content\/uploads\/2024\/02\/rwwd0io-scaled.jpg 2560w, https:\/\/lwr-shop.de\/wp-content\/uploads\/2024\/02\/rwwd0io-300x225.jpg 300w, https:\/\/lwr-shop.de\/wp-content\/uploads\/2024\/02\/rwwd0io-1024x768.jpg 1024w, https:\/\/lwr-shop.de\/wp-content\/uploads\/2024\/02\/rwwd0io-768x576.jpg 768w, https:\/\/lwr-shop.de\/wp-content\/uploads\/2024\/02\/rwwd0io-1536x1152.jpg 1536w, https:\/\/lwr-shop.de\/wp-content\/uploads\/2024\/02\/rwwd0io-2048x1536.jpg 2048w, https:\/\/lwr-shop.de\/wp-content\/uploads\/2024\/02\/rwwd0io-600x450.jpg 600w\" sizes=\"auto, (max-width: 300px) 100vw, 300px\" \/><\/a><\/p>\n<p><strong>If your old hydraulic adjuster looks like this picture then the conversion kit will fit your vehicle.<\/strong><\/p>\n<hr \/>\n<\/div>\n<div class=\"beschreibung\">\n<p><strong>New conversion kit C.HEL.24N.RSMLSTD<\/strong><\/p>\n<p>Pre-assembled electrical headlamp leveling conversion kit as a replacement for the hydraulic headlamp leveling system on <strong>24 volt<\/strong> vehicles, consisting of<\/p>\n<ul>\n<li>2 <strong>new<\/strong> <strong>24 volt<\/strong> servomotors<\/li>\n<li>1 <strong>new round<\/strong> LWR switch for the interior<\/li>\n<li>very detailed illustrated installation instructions<\/li>\n<li>Various installation materials<\/li>\n<li>1 cable set (<strong>new<\/strong> and suitably assembled)<\/li>\n<\/ul>\n<\/div>\n","protected":false},"excerpt":{"rendered":"<p>The name Scania is the Latin name for the historic Swedish province of Scania. In 1911, the Scania company from Malm\u00f6, Scania (Latin Scania) merged with the company Vabis from S\u00f6dert\u00e4lje, which was in financial distress. In 1919, production was switched predominantly to trucks. But since the demand for trucks at that time after the [&hellip;]<\/p>\n","protected":false},"featured_media":10586,"template":"","meta":[],"product_brand":[],"product_cat":[50],"product_tag":[],"class_list":{"0":"post-11664","1":"product","2":"type-product","3":"status-publish","4":"has-post-thumbnail","6":"product_cat-all-conversion-kits-en","8":"first","9":"instock","10":"taxable","11":"shipping-taxable","12":"purchasable","13":"product-type-simple"},"aioseo_notices":[],"_links":{"self":[{"href":"https:\/\/lwr-shop.de\/en\/wp-json\/wp\/v2\/product\/11664","targetHints":{"allow":["GET"]}}],"collection":[{"href":"https:\/\/lwr-shop.de\/en\/wp-json\/wp\/v2\/product"}],"about":[{"href":"https:\/\/lwr-shop.de\/en\/wp-json\/wp\/v2\/types\/product"}],"wp:featuredmedia":[{"embeddable":true,"href":"https:\/\/lwr-shop.de\/en\/wp-json\/wp\/v2\/media\/10586"}],"wp:attachment":[{"href":"https:\/\/lwr-shop.de\/en\/wp-json\/wp\/v2\/media?parent=11664"}],"wp:term":[{"taxonomy":"product_brand","embeddable":true,"href":"https:\/\/lwr-shop.de\/en\/wp-json\/wp\/v2\/product_brand?post=11664"},{"taxonomy":"product_cat","embeddable":true,"href":"https:\/\/lwr-shop.de\/en\/wp-json\/wp\/v2\/product_cat?post=11664"},{"taxonomy":"product_tag","embeddable":true,"href":"https:\/\/lwr-shop.de\/en\/wp-json\/wp\/v2\/product_tag?post=11664"}],"curies":[{"name":"wp","href":"https:\/\/api.w.org\/{rel}","templated":true}]}}