{"id":13245,"date":"2026-01-03T16:38:01","date_gmt":"2026-01-03T15:38:01","guid":{"rendered":"https:\/\/lwr-shop.de\/?post_type=product&#038;p=13245"},"modified":"2026-01-03T22:50:06","modified_gmt":"2026-01-03T21:50:06","slug":"andere-fahrzeuge","status":"publish","type":"product","link":"https:\/\/lwr-shop.de\/en\/umbaukits\/andere-fahrzeuge\/","title":{"rendered":"Andere Fahrzeuge"},"content":{"rendered":"<h3 data-start=\"147\" data-end=\"238\">Individuelle Leuchtweitenregulierung (LWR) \u2013 Ma\u00dfgeschneiderte L\u00f6sungen f\u00fcr Ihr Fahrzeug<\/h3>\n<p data-start=\"240\" data-end=\"414\">Ist Ihr Fahrzeug in unserem Shop nicht gelistet? Kein Problem.<br data-start=\"302\" data-end=\"305\" \/>Kontaktieren Sie uns einfach per E-Mail unter <strong data-start=\"351\" data-end=\"371\"><a class=\"decorated-link cursor-pointer\" rel=\"noopener\" data-start=\"353\" data-end=\"369\">info@lwr-shop.de<\/a><\/strong> \u2013 wir finden eine passende L\u00f6sung f\u00fcr Sie.<\/p>\n<h4 data-start=\"416\" data-end=\"502\">Wir unterst\u00fctzen Sie bei folgenden Problemen rund um die Leuchtweitenregulierung:<\/h4>\n<ul data-start=\"503\" data-end=\"1011\">\n<li data-start=\"503\" data-end=\"580\">\n<p data-start=\"505\" data-end=\"580\">Defekte oder nicht funktionierende <strong data-start=\"540\" data-end=\"580\">hydraulische Leuchtweitenregulierung<\/strong><\/p>\n<\/li>\n<li data-start=\"581\" data-end=\"648\">\n<p data-start=\"583\" data-end=\"648\">Fahrzeuge ohne LWR, die nur \u00fcber <strong data-start=\"616\" data-end=\"639\">manuelle Versteller<\/strong> verf\u00fcgen<\/p>\n<\/li>\n<li data-start=\"649\" data-end=\"726\">\n<p data-start=\"651\" data-end=\"726\"><strong data-start=\"651\" data-end=\"679\">Elektrische Stellmotoren<\/strong> sind nicht mehr lieferbar oder nicht verf\u00fcgbar<\/p>\n<\/li>\n<li data-start=\"727\" data-end=\"873\">\n<p data-start=\"729\" data-end=\"873\"><strong data-start=\"729\" data-end=\"791\">Umr\u00fcstung auf Xenon- oder LED-Scheinwerfer \u00fcber 2000 Lumen<\/strong> \u2013 inklusive gesetzlich vorgeschriebener <strong data-start=\"832\" data-end=\"873\">automatischer Leuchtweitenregulierung<\/strong><\/p>\n<\/li>\n<li data-start=\"874\" data-end=\"1011\">\n<p data-start=\"876\" data-end=\"1011\"><strong data-start=\"876\" data-end=\"912\">Importfahrzeuge au\u00dferhalb der EU<\/strong> (z. B. USA oder Japan), die f\u00fcr die europ\u00e4ische Zulassung mit einer LWR nachger\u00fcstet werden m\u00fcssen<\/p>\n<\/li>\n<\/ul>\n<h4 data-start=\"1013\" data-end=\"1062\">Preise f\u00fcr individuell gefertigte Umbaus\u00e4tze<\/h4>\n<p data-start=\"1063\" data-end=\"1223\">Unsere ma\u00dfgeschneiderten LWR-Umbaus\u00e4tze werden individuell nach Fahrzeug und Aufwand gefertigt. Die Preise bewegen sich je nach Komplexit\u00e4t in folgendem Rahmen:<\/p>\n<ul data-start=\"1225\" data-end=\"1304\">\n<li data-start=\"1225\" data-end=\"1265\">\n<p data-start=\"1227\" data-end=\"1265\"><strong data-start=\"1227\" data-end=\"1243\">12V-Systeme:<\/strong> 139,00 \u20ac \u2013 199,00 \u20ac<\/p>\n<\/li>\n<li data-start=\"1266\" data-end=\"1304\">\n<p data-start=\"1268\" data-end=\"1304\"><strong data-start=\"1268\" data-end=\"1284\">24V-Systeme:<\/strong> 239,00 \u20ac \u2013 249,00 \u20ac<\/p>\n<\/li>\n<\/ul>\n<h4 data-start=\"1306\" data-end=\"1382\">Diese Informationen ben\u00f6tigen wir f\u00fcr die Erstellung Ihres Umbausatzes:<\/h4>\n<ul data-start=\"1383\" data-end=\"1510\">\n<li data-start=\"1383\" data-end=\"1408\">\n<p data-start=\"1385\" data-end=\"1408\">Fahrzeugtyp und Baujahr<\/p>\n<\/li>\n<li data-start=\"1409\" data-end=\"1452\">\n<p data-start=\"1411\" data-end=\"1452\">Bilder der <strong data-start=\"1422\" data-end=\"1452\">R\u00fcckseite der Scheinwerfer<\/strong><\/p>\n<\/li>\n<li data-start=\"1453\" data-end=\"1510\">\n<p data-start=\"1455\" data-end=\"1510\">Bilder des <strong data-start=\"1466\" data-end=\"1510\">vorhandenen Stellmotors oder Verstellers<\/strong><\/p>\n<\/li>\n<\/ul>\n<p data-start=\"1512\" data-end=\"1676\">Senden Sie uns die Informationen bequem per E-Mail \u2013 wir pr\u00fcfen Ihre Anfrage und melden uns zeitnah mit einer individuellen L\u00f6sung f\u00fcr Ihre Leuchtweitenregulierung.<\/p>\n","protected":false},"excerpt":{"rendered":"<p>Individuelle Leuchtweitenregulierung (LWR) \u2013 Ma\u00dfgeschneiderte L\u00f6sungen f\u00fcr Ihr Fahrzeug Ist Ihr Fahrzeug in unserem Shop nicht gelistet? Kein Problem.Kontaktieren Sie uns einfach per E-Mail unter info@lwr-shop.de \u2013 wir finden eine passende L\u00f6sung f\u00fcr Sie. Wir unterst\u00fctzen Sie bei folgenden Problemen rund um die Leuchtweitenregulierung: Defekte oder nicht funktionierende hydraulische Leuchtweitenregulierung Fahrzeuge ohne LWR, die nur [&hellip;]<\/p>\n","protected":false},"featured_media":13246,"template":"","meta":[],"product_brand":[],"product_cat":[84],"product_tag":[],"class_list":{"0":"post-13245","1":"product","2":"type-product","3":"status-publish","4":"has-post-thumbnail","6":"product_cat-andere-fahrzeuge","8":"first","9":"instock","10":"taxable","11":"shipping-taxable","12":"product-type-grouped"},"aioseo_notices":[],"_links":{"self":[{"href":"https:\/\/lwr-shop.de\/en\/wp-json\/wp\/v2\/product\/13245","targetHints":{"allow":["GET"]}}],"collection":[{"href":"https:\/\/lwr-shop.de\/en\/wp-json\/wp\/v2\/product"}],"about":[{"href":"https:\/\/lwr-shop.de\/en\/wp-json\/wp\/v2\/types\/product"}],"wp:featuredmedia":[{"embeddable":true,"href":"https:\/\/lwr-shop.de\/en\/wp-json\/wp\/v2\/media\/13246"}],"wp:attachment":[{"href":"https:\/\/lwr-shop.de\/en\/wp-json\/wp\/v2\/media?parent=13245"}],"wp:term":[{"taxonomy":"product_brand","embeddable":true,"href":"https:\/\/lwr-shop.de\/en\/wp-json\/wp\/v2\/product_brand?post=13245"},{"taxonomy":"product_cat","embeddable":true,"href":"https:\/\/lwr-shop.de\/en\/wp-json\/wp\/v2\/product_cat?post=13245"},{"taxonomy":"product_tag","embeddable":true,"href":"https:\/\/lwr-shop.de\/en\/wp-json\/wp\/v2\/product_tag?post=13245"}],"curies":[{"name":"wp","href":"https:\/\/api.w.org\/{rel}","templated":true}]}}