{"id":13402,"date":"2026-04-05T22:43:55","date_gmt":"2026-04-05T20:43:55","guid":{"rendered":"https:\/\/lwr-shop.de\/?post_type=product&#038;p=13402"},"modified":"2026-04-05T23:02:02","modified_gmt":"2026-04-05T21:02:02","slug":"leuchtweitenregulierung-umbausatz-hymer-starline","status":"publish","type":"product","link":"https:\/\/lwr-shop.de\/en\/umbaukits\/leuchtweitenregulierung-umbausatz-hymer-starline\/","title":{"rendered":"Leuchtweitenregulierung Umbausatz Hymer Starline"},"content":{"rendered":"<p data-start=\"144\" data-end=\"360\"><strong data-start=\"144\" data-end=\"197\">Elektrische Leuchtweitenregulierung (LWR) Umbausatz<\/strong> f\u00fcr den Ersatz der hydraulischen Leichtweitenregulierung.<br data-start=\"255\" data-end=\"258\" \/>Beinhaltet alle Teile, die Sie f\u00fcr die Instandsetzung der <strong data-start=\"316\" data-end=\"349\">Scheinwerfer H\u00f6henverstellung<\/strong> ben\u00f6tigen.<\/p>\n<p data-start=\"358\" data-end=\"520\"><strong data-start=\"358\" data-end=\"400\">Kompatibel mit allen Hymer Wohnmobilen<\/strong>, bei denen das Basisfahrzeug ein <strong data-start=\"434\" data-end=\"449\">Mercedes Sprinter<\/strong> ist \u2013 <strong data-start=\"456\" data-end=\"519\">egal ob runder Scheinwerfer oder original Mercedes-Scheinwerfer<\/strong>.<\/p>\n<p>Lieferumfang des LWR Umbausatzes:<\/p>\n<ul>\n<li>2 neue Stellmotoren<\/li>\n<li>1 neuer\u00a0 LWR Schalter f\u00fcr den Innenraum<\/li>\n<li>Sehr ausf\u00fchrliche bebilderte Einbauanleitung<\/li>\n<li>Diverse Einbaumaterialien<\/li>\n<li>1 Kabelsatz (neu und passend konfektioniert)<\/li>\n<\/ul>\n<p data-start=\"522\" data-end=\"604\">Passend f\u00fcr unter anderem folgende Modelle:<\/p>\n<p>Starline S 630, S640, S 650, S 720, S 820<br \/>\nStarline B 640, B 655, B 700<\/p>\n<p>Die Liste ist nicht vollst\u00e4ndig. Bei Zweifeln kontaktieren Sie uns bitte.<\/p>\n","protected":false},"excerpt":{"rendered":"<p>Elektrische Leuchtweitenregulierung (LWR) Umbausatz f\u00fcr den Ersatz der hydraulischen Leichtweitenregulierung.Beinhaltet alle Teile, die Sie f\u00fcr die Instandsetzung der Scheinwerfer H\u00f6henverstellung ben\u00f6tigen. Kompatibel mit allen Hymer Wohnmobilen, bei denen das Basisfahrzeug ein Mercedes Sprinter ist \u2013 egal ob runder Scheinwerfer oder original Mercedes-Scheinwerfer. Lieferumfang des LWR Umbausatzes: 2 neue Stellmotoren 1 neuer\u00a0 LWR Schalter f\u00fcr den [&hellip;]<\/p>\n","protected":false},"featured_media":10585,"template":"","meta":[],"product_brand":[],"product_cat":[86,25],"product_tag":[],"class_list":{"0":"post-13402","1":"product","2":"type-product","3":"status-publish","4":"has-post-thumbnail","6":"product_cat-hymer","7":"product_cat-alle-umbaukits","9":"first","10":"instock","11":"taxable","12":"shipping-taxable","13":"purchasable","14":"product-type-simple"},"aioseo_notices":[],"_links":{"self":[{"href":"https:\/\/lwr-shop.de\/en\/wp-json\/wp\/v2\/product\/13402","targetHints":{"allow":["GET"]}}],"collection":[{"href":"https:\/\/lwr-shop.de\/en\/wp-json\/wp\/v2\/product"}],"about":[{"href":"https:\/\/lwr-shop.de\/en\/wp-json\/wp\/v2\/types\/product"}],"wp:featuredmedia":[{"embeddable":true,"href":"https:\/\/lwr-shop.de\/en\/wp-json\/wp\/v2\/media\/10585"}],"wp:attachment":[{"href":"https:\/\/lwr-shop.de\/en\/wp-json\/wp\/v2\/media?parent=13402"}],"wp:term":[{"taxonomy":"product_brand","embeddable":true,"href":"https:\/\/lwr-shop.de\/en\/wp-json\/wp\/v2\/product_brand?post=13402"},{"taxonomy":"product_cat","embeddable":true,"href":"https:\/\/lwr-shop.de\/en\/wp-json\/wp\/v2\/product_cat?post=13402"},{"taxonomy":"product_tag","embeddable":true,"href":"https:\/\/lwr-shop.de\/en\/wp-json\/wp\/v2\/product_tag?post=13402"}],"curies":[{"name":"wp","href":"https:\/\/api.w.org\/{rel}","templated":true}]}}