{"id":7727,"date":"2018-07-16T10:07:57","date_gmt":"2018-07-16T08:07:57","guid":{"rendered":"https:\/\/lwr-shop.de\/produkt\/skoda-favorit-lwr\/"},"modified":"2020-02-20T10:02:29","modified_gmt":"2020-02-20T09:02:29","slug":"skoda-favorit-lwr","status":"publish","type":"product","link":"https:\/\/lwr-shop.de\/en\/umbaukits\/skoda-favorit-lwr\/","title":{"rendered":"Skoda Favorit (LWR)"},"content":{"rendered":"<p>The \u0160koda Favorit is a compact car of the Czech brand \u0160koda, which was manufactured from 1987 and replaced the model series \u0160koda type 742, which was however continued in parallel until 1993.<\/p>\n<hr\/>\n","protected":false},"excerpt":{"rendered":"<p>The \u0160koda Favorit is a compact car of the Czech brand \u0160koda, which was manufactured from 1987 and replaced the model series \u0160koda type 742, which was however continued in parallel until 1993.<\/p>\n","protected":false},"featured_media":7724,"template":"","meta":[],"product_brand":[],"product_cat":[64],"product_tag":[],"class_list":{"0":"post-7727","1":"product","2":"type-product","3":"status-publish","4":"has-post-thumbnail","6":"product_cat-skoda-en","8":"first","9":"instock","10":"taxable","11":"shipping-taxable","12":"product-type-grouped"},"aioseo_notices":[],"_links":{"self":[{"href":"https:\/\/lwr-shop.de\/en\/wp-json\/wp\/v2\/product\/7727","targetHints":{"allow":["GET"]}}],"collection":[{"href":"https:\/\/lwr-shop.de\/en\/wp-json\/wp\/v2\/product"}],"about":[{"href":"https:\/\/lwr-shop.de\/en\/wp-json\/wp\/v2\/types\/product"}],"wp:featuredmedia":[{"embeddable":true,"href":"https:\/\/lwr-shop.de\/en\/wp-json\/wp\/v2\/media\/7724"}],"wp:attachment":[{"href":"https:\/\/lwr-shop.de\/en\/wp-json\/wp\/v2\/media?parent=7727"}],"wp:term":[{"taxonomy":"product_brand","embeddable":true,"href":"https:\/\/lwr-shop.de\/en\/wp-json\/wp\/v2\/product_brand?post=7727"},{"taxonomy":"product_cat","embeddable":true,"href":"https:\/\/lwr-shop.de\/en\/wp-json\/wp\/v2\/product_cat?post=7727"},{"taxonomy":"product_tag","embeddable":true,"href":"https:\/\/lwr-shop.de\/en\/wp-json\/wp\/v2\/product_tag?post=7727"}],"curies":[{"name":"wp","href":"https:\/\/api.w.org\/{rel}","templated":true}]}}