{"id":7734,"date":"2018-07-16T10:04:04","date_gmt":"2018-07-16T08:04:04","guid":{"rendered":"https:\/\/lwr-shop.de\/produkt\/skoda-felicia-lwr\/"},"modified":"2020-02-20T10:02:13","modified_gmt":"2020-02-20T09:02:13","slug":"skoda-felicia-lwr","status":"publish","type":"product","link":"https:\/\/lwr-shop.de\/en\/umbaukits\/skoda-felicia-lwr\/","title":{"rendered":"Skoda Felicia (LWR)"},"content":{"rendered":"<p>The \u0160koda Felicia is a \u0160koda passenger car that was produced between 1994 and 2001 as the successor to the \u0160koda Favorit.<br \/>\nThe estate version, as the successor to the Forman, was now called Felicia Combi and was sold from 1995.<\/p>\n<hr \/>\n","protected":false},"excerpt":{"rendered":"<p>The \u0160koda Felicia is a \u0160koda passenger car that was produced between 1994 and 2001 as the successor to the \u0160koda Favorit. The estate version, as the successor to the Forman, was now called Felicia Combi and was sold from 1995.<\/p>\n","protected":false},"featured_media":7732,"template":"","meta":[],"product_brand":[],"product_cat":[64],"product_tag":[],"class_list":{"0":"post-7734","1":"product","2":"type-product","3":"status-publish","4":"has-post-thumbnail","6":"product_cat-skoda-en","8":"first","9":"instock","10":"taxable","11":"shipping-taxable","12":"product-type-grouped"},"aioseo_notices":[],"_links":{"self":[{"href":"https:\/\/lwr-shop.de\/en\/wp-json\/wp\/v2\/product\/7734","targetHints":{"allow":["GET"]}}],"collection":[{"href":"https:\/\/lwr-shop.de\/en\/wp-json\/wp\/v2\/product"}],"about":[{"href":"https:\/\/lwr-shop.de\/en\/wp-json\/wp\/v2\/types\/product"}],"wp:featuredmedia":[{"embeddable":true,"href":"https:\/\/lwr-shop.de\/en\/wp-json\/wp\/v2\/media\/7732"}],"wp:attachment":[{"href":"https:\/\/lwr-shop.de\/en\/wp-json\/wp\/v2\/media?parent=7734"}],"wp:term":[{"taxonomy":"product_brand","embeddable":true,"href":"https:\/\/lwr-shop.de\/en\/wp-json\/wp\/v2\/product_brand?post=7734"},{"taxonomy":"product_cat","embeddable":true,"href":"https:\/\/lwr-shop.de\/en\/wp-json\/wp\/v2\/product_cat?post=7734"},{"taxonomy":"product_tag","embeddable":true,"href":"https:\/\/lwr-shop.de\/en\/wp-json\/wp\/v2\/product_tag?post=7734"}],"curies":[{"name":"wp","href":"https:\/\/api.w.org\/{rel}","templated":true}]}}