{"id":7738,"date":"2018-07-02T09:53:31","date_gmt":"2018-07-02T07:53:31","guid":{"rendered":"https:\/\/lwr-shop.de\/produkt\/skoda-forman-lwr-new-conversion-kit-a-mes-19n-rsolstd\/"},"modified":"2020-02-25T10:09:20","modified_gmt":"2020-02-25T09:09:20","slug":"skoda-forman-lwr-new-conversion-kit-a-mes-19n-rsolstd","status":"publish","type":"product","link":"https:\/\/lwr-shop.de\/en\/umbaukits\/skoda-forman-lwr-new-conversion-kit-a-mes-19n-rsolstd\/","title":{"rendered":"Skoda Forman (LWR)  new conversion kit A.MES.19N.RSOLSTD"},"content":{"rendered":"<div class=\"group-info-display-none\">\n<p>The \u0160koda Forman is a compact car of the Czech brand \u0160koda, which was manufactured from 1987 and replaced the model series \u0160koda type 742, but which was continued in parallel until 1993.<\/p>\n<hr \/>\n<\/div>\n<div class=\"beschreibung\">\n<p><strong>New conversion kit A.MES.19N.RSOLSTD<\/strong><\/p>\n<p>Ready-made <strong>electrical LWR conversion kit<\/strong> as a replacement for the hydraulic headlight range control, consisting of:<\/p>\n<ul>\n<li>2 <strong>new<\/strong> servomotors<\/li>\n<li>1 <strong>new round<\/strong> LWR switch for the interior<\/li>\n<li>very detailed illustrated installation instructions<\/li>\n<li>Various installation materials<\/li>\n<li>1 cable set (<strong>new<\/strong> and suitably assembled)<\/li>\n<\/ul>\n<\/div>\n","protected":false},"excerpt":{"rendered":"<p>The \u0160koda Forman is a compact car of the Czech brand \u0160koda, which was manufactured from 1987 and replaced the model series \u0160koda type 742, but which was continued in parallel until 1993. New conversion kit A.MES.19N.RSOLSTD Ready-made electrical LWR conversion kit as a replacement for the hydraulic headlight range control, consisting of: 2 new [&hellip;]<\/p>\n","protected":false},"featured_media":10586,"template":"","meta":[],"product_brand":[],"product_cat":[50],"product_tag":[],"class_list":{"0":"post-7738","1":"product","2":"type-product","3":"status-publish","4":"has-post-thumbnail","6":"product_cat-all-conversion-kits-en","8":"first","9":"instock","10":"taxable","11":"shipping-taxable","12":"purchasable","13":"product-type-simple"},"aioseo_notices":[],"_links":{"self":[{"href":"https:\/\/lwr-shop.de\/en\/wp-json\/wp\/v2\/product\/7738","targetHints":{"allow":["GET"]}}],"collection":[{"href":"https:\/\/lwr-shop.de\/en\/wp-json\/wp\/v2\/product"}],"about":[{"href":"https:\/\/lwr-shop.de\/en\/wp-json\/wp\/v2\/types\/product"}],"wp:featuredmedia":[{"embeddable":true,"href":"https:\/\/lwr-shop.de\/en\/wp-json\/wp\/v2\/media\/10586"}],"wp:attachment":[{"href":"https:\/\/lwr-shop.de\/en\/wp-json\/wp\/v2\/media?parent=7738"}],"wp:term":[{"taxonomy":"product_brand","embeddable":true,"href":"https:\/\/lwr-shop.de\/en\/wp-json\/wp\/v2\/product_brand?post=7738"},{"taxonomy":"product_cat","embeddable":true,"href":"https:\/\/lwr-shop.de\/en\/wp-json\/wp\/v2\/product_cat?post=7738"},{"taxonomy":"product_tag","embeddable":true,"href":"https:\/\/lwr-shop.de\/en\/wp-json\/wp\/v2\/product_tag?post=7738"}],"curies":[{"name":"wp","href":"https:\/\/api.w.org\/{rel}","templated":true}]}}