{"id":8940,"date":"2020-12-18T15:06:37","date_gmt":"2020-12-18T14:06:37","guid":{"rendered":"https:\/\/lwr-shop.de\/?post_type=product&#038;p=8940"},"modified":"2022-02-08T10:06:13","modified_gmt":"2022-02-08T09:06:13","slug":"mercedes-benz-vario-t2w-series-lwr","status":"publish","type":"product","link":"https:\/\/lwr-shop.de\/en\/umbaukits\/mercedes-benz-vario-t2w-series-lwr\/","title":{"rendered":"Mercedes-Benz Vario (T2W-Series) (LWR)"},"content":{"rendered":"<p>The Mercedes-Benz Vario (T2W-Series) is the successor to the Mercedes-Benz T 2.<br \/>\nIt was built from 1996 to 2013 at the Ludwigsfelde plant.<br \/>\nThe external differences to the predecessor are quite small &#8211; headlights, indicators and grille have been redesigned, but the interior has also been redesigned.<\/p>\n<p>T 2 denotes a series of vans that was built by Daimler-Benz from 1967 to 1996.<br \/>\nThe T 2 is also known as the D\u00fcsseldorfer Transporter (hence also called &#8220;D\u00fcDo&#8221; by enthusiasts and collectors), as it was built at the D\u00fcsseldorf plant until 1991\/1992; The transporter was only given the designation T 2 later after the introduction of the smaller T 1.<br \/>\nThe T 2 was then produced in the Ludwigsfelde plant, where the IFA W50 and L60 were built until 1990.<\/p>\n<p>Since the second generation, the model has also been assembled in the Spanish assembly plant in Alcobendas.<\/p>\n<p>With the generation change to the third generation, the T 2 series was given the name Vario.<\/p>\n<hr \/>\n<p><strong>Notes on the appropriate conversion kit for the LWR:<br \/>\n<img loading=\"lazy\" decoding=\"async\" class=\"size-medium wp-image-9825 alignnone\" src=\"https:\/\/lwr-shop.de\/wp-content\/uploads\/2019\/04\/typ-mb-t1-t2-t2n-t2w-unimog-300x225.jpg\" alt=\"\" width=\"300\" height=\"247\" \/><\/strong><\/p>\n<p>Type MB T1 or T2 or T2N or T2W (Vario) or Unimog (Headlights are all identical):<\/p>\n<p><strong>If the headlight has a plastic housing on the back and the (old hydraulic) adjustment looks like this picture then this conversion kit will fit your vehicle: <a href=\"\/en\/umbaukits\/mercedes-benz-t1-bremer-transporter-lwr\/\">MB T1, T2, T2N, T2W (Vario) or Unimog<\/a><\/strong><\/p>\n<hr \/>\n","protected":false},"excerpt":{"rendered":"<p>The Mercedes-Benz Vario (T2W-Series) is the successor to the Mercedes-Benz T 2. It was built from 1996 to 2013 at the Ludwigsfelde plant. The external differences to the predecessor are quite small &#8211; headlights, indicators and grille have been redesigned, but the interior has also been redesigned. T 2 denotes a series of vans that [&hellip;]<\/p>\n","protected":false},"featured_media":8932,"template":"","meta":[],"product_brand":[],"product_cat":[83,61],"product_tag":[],"class_list":{"0":"post-8940","1":"product","2":"type-product","3":"status-publish","4":"has-post-thumbnail","6":"product_cat-vehicles-with-24-volt-electrical-system-en","7":"product_cat-mercedes-en","9":"first","10":"instock","11":"taxable","12":"shipping-taxable","13":"product-type-grouped"},"aioseo_notices":[],"_links":{"self":[{"href":"https:\/\/lwr-shop.de\/en\/wp-json\/wp\/v2\/product\/8940","targetHints":{"allow":["GET"]}}],"collection":[{"href":"https:\/\/lwr-shop.de\/en\/wp-json\/wp\/v2\/product"}],"about":[{"href":"https:\/\/lwr-shop.de\/en\/wp-json\/wp\/v2\/types\/product"}],"wp:featuredmedia":[{"embeddable":true,"href":"https:\/\/lwr-shop.de\/en\/wp-json\/wp\/v2\/media\/8932"}],"wp:attachment":[{"href":"https:\/\/lwr-shop.de\/en\/wp-json\/wp\/v2\/media?parent=8940"}],"wp:term":[{"taxonomy":"product_brand","embeddable":true,"href":"https:\/\/lwr-shop.de\/en\/wp-json\/wp\/v2\/product_brand?post=8940"},{"taxonomy":"product_cat","embeddable":true,"href":"https:\/\/lwr-shop.de\/en\/wp-json\/wp\/v2\/product_cat?post=8940"},{"taxonomy":"product_tag","embeddable":true,"href":"https:\/\/lwr-shop.de\/en\/wp-json\/wp\/v2\/product_tag?post=8940"}],"curies":[{"name":"wp","href":"https:\/\/api.w.org\/{rel}","templated":true}]}}